{"id":885,"date":"2024-06-04T01:44:50","date_gmt":"2024-06-03T23:44:50","guid":{"rendered":"https:\/\/paffinguessan.online\/?page_id=885"},"modified":"2024-06-04T03:01:01","modified_gmt":"2024-06-04T01:01:01","slug":"revitalisation-du-parti","status":"publish","type":"page","link":"https:\/\/paffinguessan.fr\/index.php\/revitalisation-du-parti\/","title":{"rendered":"Revitalisation du parti"},"content":{"rendered":"","protected":false},"excerpt":{"rendered":"<p>Le Front Populaire Ivoirien (FPI) est en pleine transformation. Nos efforts de revitalisation visent \u00e0 moderniser le parti, \u00e0 renforcer sa structure et \u00e0 garantir une repr\u00e9sentation dynamique et inclusive de toutes les voix ivoiriennes. D\u00e9couvrez nos initiatives de r\u00e9forme, nos nouvelles orientations strat\u00e9giques et notre engagement \u00e0 \u00eatre un moteur de changement positif pour notre pays.<\/p>\n","protected":false},"author":2,"featured_media":0,"parent":0,"menu_order":0,"comment_status":"closed","ping_status":"closed","template":"","meta":{"_acf_changed":false,"_et_pb_use_builder":"on","_et_pb_old_content":"","_et_gb_content_width":"","footnotes":""},"class_list":["post-885","page","type-page","status-publish","hentry"],"acf":[],"_links":{"self":[{"href":"https:\/\/paffinguessan.fr\/index.php\/wp-json\/wp\/v2\/pages\/885","targetHints":{"allow":["GET"]}}],"collection":[{"href":"https:\/\/paffinguessan.fr\/index.php\/wp-json\/wp\/v2\/pages"}],"about":[{"href":"https:\/\/paffinguessan.fr\/index.php\/wp-json\/wp\/v2\/types\/page"}],"author":[{"embeddable":true,"href":"https:\/\/paffinguessan.fr\/index.php\/wp-json\/wp\/v2\/users\/2"}],"replies":[{"embeddable":true,"href":"https:\/\/paffinguessan.fr\/index.php\/wp-json\/wp\/v2\/comments?post=885"}],"version-history":[{"count":2,"href":"https:\/\/paffinguessan.fr\/index.php\/wp-json\/wp\/v2\/pages\/885\/revisions"}],"predecessor-version":[{"id":1016,"href":"https:\/\/paffinguessan.fr\/index.php\/wp-json\/wp\/v2\/pages\/885\/revisions\/1016"}],"wp:attachment":[{"href":"https:\/\/paffinguessan.fr\/index.php\/wp-json\/wp\/v2\/media?parent=885"}],"curies":[{"name":"wp","href":"https:\/\/api.w.org\/{rel}","templated":true}]}}