{"id":883,"date":"2024-06-04T01:43:14","date_gmt":"2024-06-03T23:43:14","guid":{"rendered":"https:\/\/paffinguessan.online\/?page_id=883"},"modified":"2024-06-04T02:45:53","modified_gmt":"2024-06-04T00:45:53","slug":"prosperite-pour-tous","status":"publish","type":"page","link":"https:\/\/paffinguessan.fr\/index.php\/prosperite-pour-tous\/","title":{"rendered":"Prosp\u00e9rit\u00e9 pour tous"},"content":{"rendered":"","protected":false},"excerpt":{"rendered":"<p>La prosp\u00e9rit\u00e9 pour tous est notre objectif ultime. Nous croyons en un d\u00e9veloppement \u00e9conomique qui b\u00e9n\u00e9ficie \u00e0 chaque citoyen ivoirien. \u00c0 travers diverses initiatives et programmes, nous nous engageons \u00e0 cr\u00e9er des opportunit\u00e9s \u00e9quitables, \u00e0 soutenir l&rsquo;entrepreneuriat et \u00e0 promouvoir une croissance \u00e9conomique durable et inclusive. Rejoignez-nous pour d\u00e9couvrir comment nous travaillons \u00e0 construire un avenir prosp\u00e8re pour tous.<\/p>\n","protected":false},"author":2,"featured_media":0,"parent":0,"menu_order":0,"comment_status":"closed","ping_status":"closed","template":"","meta":{"_acf_changed":false,"_et_pb_use_builder":"on","_et_pb_old_content":"","_et_gb_content_width":"","footnotes":""},"class_list":["post-883","page","type-page","status-publish","hentry"],"acf":[],"_links":{"self":[{"href":"https:\/\/paffinguessan.fr\/index.php\/wp-json\/wp\/v2\/pages\/883","targetHints":{"allow":["GET"]}}],"collection":[{"href":"https:\/\/paffinguessan.fr\/index.php\/wp-json\/wp\/v2\/pages"}],"about":[{"href":"https:\/\/paffinguessan.fr\/index.php\/wp-json\/wp\/v2\/types\/page"}],"author":[{"embeddable":true,"href":"https:\/\/paffinguessan.fr\/index.php\/wp-json\/wp\/v2\/users\/2"}],"replies":[{"embeddable":true,"href":"https:\/\/paffinguessan.fr\/index.php\/wp-json\/wp\/v2\/comments?post=883"}],"version-history":[{"count":2,"href":"https:\/\/paffinguessan.fr\/index.php\/wp-json\/wp\/v2\/pages\/883\/revisions"}],"predecessor-version":[{"id":979,"href":"https:\/\/paffinguessan.fr\/index.php\/wp-json\/wp\/v2\/pages\/883\/revisions\/979"}],"wp:attachment":[{"href":"https:\/\/paffinguessan.fr\/index.php\/wp-json\/wp\/v2\/media?parent=883"}],"curies":[{"name":"wp","href":"https:\/\/api.w.org\/{rel}","templated":true}]}}