{"id":881,"date":"2024-06-04T01:41:53","date_gmt":"2024-06-03T23:41:53","guid":{"rendered":"https:\/\/paffinguessan.online\/?page_id=881"},"modified":"2024-06-04T02:34:20","modified_gmt":"2024-06-04T00:34:20","slug":"securite-publique","status":"publish","type":"page","link":"https:\/\/paffinguessan.fr\/index.php\/securite-publique\/","title":{"rendered":"La s\u00e9curit\u00e9 publique"},"content":{"rendered":"","protected":false},"excerpt":{"rendered":"<p>Assurer la s\u00e9curit\u00e9 publique est essentiel pour le d\u00e9veloppement et le bien-\u00eatre de nos citoyens. Nous avons mis en place divers programmes visant \u00e0 renforcer la protection dans les communaut\u00e9s, r\u00e9duire la criminalit\u00e9 et instaurer un sentiment de s\u00e9curit\u00e9 pour tous. Apprenez-en plus sur nos strat\u00e9gies et actions concr\u00e8tes pour garantir un environnement s\u00fbr et s\u00e9curis\u00e9 pour chaque Ivoirien.<\/p>\n","protected":false},"author":2,"featured_media":0,"parent":0,"menu_order":0,"comment_status":"closed","ping_status":"closed","template":"","meta":{"_acf_changed":false,"_et_pb_use_builder":"on","_et_pb_old_content":"","_et_gb_content_width":"","footnotes":""},"class_list":["post-881","page","type-page","status-publish","hentry"],"acf":[],"_links":{"self":[{"href":"https:\/\/paffinguessan.fr\/index.php\/wp-json\/wp\/v2\/pages\/881","targetHints":{"allow":["GET"]}}],"collection":[{"href":"https:\/\/paffinguessan.fr\/index.php\/wp-json\/wp\/v2\/pages"}],"about":[{"href":"https:\/\/paffinguessan.fr\/index.php\/wp-json\/wp\/v2\/types\/page"}],"author":[{"embeddable":true,"href":"https:\/\/paffinguessan.fr\/index.php\/wp-json\/wp\/v2\/users\/2"}],"replies":[{"embeddable":true,"href":"https:\/\/paffinguessan.fr\/index.php\/wp-json\/wp\/v2\/comments?post=881"}],"version-history":[{"count":2,"href":"https:\/\/paffinguessan.fr\/index.php\/wp-json\/wp\/v2\/pages\/881\/revisions"}],"predecessor-version":[{"id":950,"href":"https:\/\/paffinguessan.fr\/index.php\/wp-json\/wp\/v2\/pages\/881\/revisions\/950"}],"wp:attachment":[{"href":"https:\/\/paffinguessan.fr\/index.php\/wp-json\/wp\/v2\/media?parent=881"}],"curies":[{"name":"wp","href":"https:\/\/api.w.org\/{rel}","templated":true}]}}