{"id":1169,"date":"2024-06-08T08:39:08","date_gmt":"2024-06-08T06:39:08","guid":{"rendered":"https:\/\/paffinguessan.online\/?page_id=1169"},"modified":"2024-06-08T08:39:09","modified_gmt":"2024-06-08T06:39:09","slug":"mon-compte","status":"publish","type":"page","link":"https:\/\/paffinguessan.fr\/index.php\/mon-compte\/","title":{"rendered":"Espace de Connexion"},"content":{"rendered":"","protected":false},"excerpt":{"rendered":"<p>Acc\u00e9dez \u00e0 votre espace personnel pour g\u00e9rer vos propri\u00e9t\u00e9s, suivre vos transactions, et personnaliser vos pr\u00e9f\u00e9rences. Connectez-vous ou cr\u00e9ez un compte d\u00e8s maintenant pour une exp\u00e9rience optimis\u00e9e.<\/p>\n","protected":false},"author":2,"featured_media":0,"parent":0,"menu_order":0,"comment_status":"closed","ping_status":"closed","template":"","meta":{"_acf_changed":false,"_et_pb_use_builder":"on","_et_pb_old_content":"","_et_gb_content_width":"","footnotes":""},"class_list":["post-1169","page","type-page","status-publish","hentry"],"acf":[],"_links":{"self":[{"href":"https:\/\/paffinguessan.fr\/index.php\/wp-json\/wp\/v2\/pages\/1169","targetHints":{"allow":["GET"]}}],"collection":[{"href":"https:\/\/paffinguessan.fr\/index.php\/wp-json\/wp\/v2\/pages"}],"about":[{"href":"https:\/\/paffinguessan.fr\/index.php\/wp-json\/wp\/v2\/types\/page"}],"author":[{"embeddable":true,"href":"https:\/\/paffinguessan.fr\/index.php\/wp-json\/wp\/v2\/users\/2"}],"replies":[{"embeddable":true,"href":"https:\/\/paffinguessan.fr\/index.php\/wp-json\/wp\/v2\/comments?post=1169"}],"version-history":[{"count":1,"href":"https:\/\/paffinguessan.fr\/index.php\/wp-json\/wp\/v2\/pages\/1169\/revisions"}],"predecessor-version":[{"id":1170,"href":"https:\/\/paffinguessan.fr\/index.php\/wp-json\/wp\/v2\/pages\/1169\/revisions\/1170"}],"wp:attachment":[{"href":"https:\/\/paffinguessan.fr\/index.php\/wp-json\/wp\/v2\/media?parent=1169"}],"curies":[{"name":"wp","href":"https:\/\/api.w.org\/{rel}","templated":true}]}}