{"id":1099,"date":"2024-06-05T23:08:27","date_gmt":"2024-06-05T21:08:27","guid":{"rendered":"https:\/\/paffinguessan.online\/?page_id=1099"},"modified":"2024-06-05T23:09:45","modified_gmt":"2024-06-05T21:09:45","slug":"kiosque-quotidien-notre-voie","status":"publish","type":"page","link":"https:\/\/paffinguessan.fr\/index.php\/kiosque-quotidien-notre-voie\/","title":{"rendered":"Kiosque du Quotidien Notre Voie"},"content":{"rendered":"","protected":false},"excerpt":{"rendered":"<p>Bienvenue sur le kiosque num\u00e9rique du quotidien Notre Voie. Acc\u00e9dez \u00e0 toutes nos \u00e9ditions num\u00e9riques et b\u00e9n\u00e9ficiez d&rsquo;avantages exclusifs en vous abonnant d\u00e8s aujourd&rsquo;hui. Choisissez la formule qui vous convient le mieux et explorez nos options publicitaires pour toucher un public diversifi\u00e9.<\/p>\n","protected":false},"author":2,"featured_media":0,"parent":0,"menu_order":0,"comment_status":"closed","ping_status":"closed","template":"","meta":{"_acf_changed":false,"_et_pb_use_builder":"on","_et_pb_old_content":"","_et_gb_content_width":"","footnotes":""},"class_list":["post-1099","page","type-page","status-publish","hentry"],"acf":[],"_links":{"self":[{"href":"https:\/\/paffinguessan.fr\/index.php\/wp-json\/wp\/v2\/pages\/1099","targetHints":{"allow":["GET"]}}],"collection":[{"href":"https:\/\/paffinguessan.fr\/index.php\/wp-json\/wp\/v2\/pages"}],"about":[{"href":"https:\/\/paffinguessan.fr\/index.php\/wp-json\/wp\/v2\/types\/page"}],"author":[{"embeddable":true,"href":"https:\/\/paffinguessan.fr\/index.php\/wp-json\/wp\/v2\/users\/2"}],"replies":[{"embeddable":true,"href":"https:\/\/paffinguessan.fr\/index.php\/wp-json\/wp\/v2\/comments?post=1099"}],"version-history":[{"count":2,"href":"https:\/\/paffinguessan.fr\/index.php\/wp-json\/wp\/v2\/pages\/1099\/revisions"}],"predecessor-version":[{"id":1102,"href":"https:\/\/paffinguessan.fr\/index.php\/wp-json\/wp\/v2\/pages\/1099\/revisions\/1102"}],"wp:attachment":[{"href":"https:\/\/paffinguessan.fr\/index.php\/wp-json\/wp\/v2\/media?parent=1099"}],"curies":[{"name":"wp","href":"https:\/\/api.w.org\/{rel}","templated":true}]}}