{"id":1047,"date":"2024-06-05T22:22:26","date_gmt":"2024-06-05T20:22:26","guid":{"rendered":"https:\/\/paffinguessan.online\/?page_id=1047"},"modified":"2024-06-05T22:22:27","modified_gmt":"2024-06-05T20:22:27","slug":"adhesion-president-pascal-affi-nguessan","status":"publish","type":"page","link":"https:\/\/paffinguessan.fr\/index.php\/adhesion-president-pascal-affi-nguessan\/","title":{"rendered":"Adh\u00e9sion"},"content":{"rendered":"","protected":false},"excerpt":{"rendered":"<p>Devenez membre du mouvement de Pascal Affi N&rsquo;Guessan et engagez-vous pour une C\u00f4te d&rsquo;Ivoire unie et prosp\u00e8re. En adh\u00e9rant, vous recevrez des informations exclusives, participerez \u00e0 nos activit\u00e9s locales, et contribuerez \u00e0 des initiatives visant \u00e0 renforcer la coh\u00e9sion sociale et le d\u00e9veloppement \u00e9conomique. Ensemble, b\u00e2tissons un avenir meilleur pour tous<\/p>\n","protected":false},"author":2,"featured_media":0,"parent":0,"menu_order":0,"comment_status":"closed","ping_status":"closed","template":"","meta":{"_acf_changed":false,"_et_pb_use_builder":"on","_et_pb_old_content":"","_et_gb_content_width":"","footnotes":""},"class_list":["post-1047","page","type-page","status-publish","hentry"],"acf":[],"_links":{"self":[{"href":"https:\/\/paffinguessan.fr\/index.php\/wp-json\/wp\/v2\/pages\/1047","targetHints":{"allow":["GET"]}}],"collection":[{"href":"https:\/\/paffinguessan.fr\/index.php\/wp-json\/wp\/v2\/pages"}],"about":[{"href":"https:\/\/paffinguessan.fr\/index.php\/wp-json\/wp\/v2\/types\/page"}],"author":[{"embeddable":true,"href":"https:\/\/paffinguessan.fr\/index.php\/wp-json\/wp\/v2\/users\/2"}],"replies":[{"embeddable":true,"href":"https:\/\/paffinguessan.fr\/index.php\/wp-json\/wp\/v2\/comments?post=1047"}],"version-history":[{"count":1,"href":"https:\/\/paffinguessan.fr\/index.php\/wp-json\/wp\/v2\/pages\/1047\/revisions"}],"predecessor-version":[{"id":1048,"href":"https:\/\/paffinguessan.fr\/index.php\/wp-json\/wp\/v2\/pages\/1047\/revisions\/1048"}],"wp:attachment":[{"href":"https:\/\/paffinguessan.fr\/index.php\/wp-json\/wp\/v2\/media?parent=1047"}],"curies":[{"name":"wp","href":"https:\/\/api.w.org\/{rel}","templated":true}]}}